{"id":1192,"date":"2016-02-19T09:02:46","date_gmt":"2016-02-19T08:02:46","guid":{"rendered":"http:\/\/restaurantlamontoliva.com\/carta-menus\/"},"modified":"2025-10-28T10:50:06","modified_gmt":"2025-10-28T09:50:06","slug":"carta-menus","status":"publish","type":"page","link":"https:\/\/restaurantlamontoliva.com\/es\/carta-menus\/","title":{"rendered":"Carta"},"content":{"rendered":"<section class='page-content' style=''  ><section class='container'><div class='row mb-40' style=''><div class='col-md-12 centered mb-0' style='' > <div class='custom-heading style-1 centered'>\r\n\t\t\t\t\t<h3><span>Nuestra carta<\/span><\/h3>\r\n\t\t\t\t\t<h3>Bienvenido a La Montoliva<\/h3>\r\n\t\t\t\t\t<div class='divider style-1 center'>\r\n\t\t\t\t\t<span class='hr-simple left'><\/span>\r\n\t\t\t\t\t<i class='fa fa-circle hr-icon'><\/i>\r\n\t\t\t\t\t<span class='hr-simple right'><\/span>\r\n\t\t\t\t\t<\/div>\r\n\t\t\t\t\t<\/div><div class='cma-wysiwyg-editor'><p align=\"justify\"><strong>Nuestra carta<\/strong> es un <strong>reflejo<\/strong> de aquellas <strong>recetas familiares tradicionales<\/strong> que se han transmitido de generaci\u00f3n en generaci\u00f3n hasta nuestros d\u00edas y que son la <strong>muestra viva de la gastronom\u00eda catalana de siempre. <\/strong>Disponemos de unos <strong>entrantes y primeros platos espectaculares<\/strong>, que os har\u00e1n viajar a los or\u00edgenes, de entre los que destacamos la \"esqueixada\", el \"timbal d'empedrat\", \"l'espardenya d'escalivada\" y anchoas o los canelones tradicionales, los de setas o los de espinacas. No podemos olvidar los <strong>segundos,<\/strong> de entre los que destacamos el meloso de ternera, el bacalao \"a la llauna\" o a la miel, las <strong>brasas<\/strong>, con longaniza, butifarras, secreto ib\u00e9rico o nuestros incre\u00edbles pies de cerdo con guarnici\u00f3n, <strong>nuestra famosa montolivada, las caracoladas, las \"xatonadas\" o las \"cal\u00e7otadas\"<\/strong>. Y, para acabar, dejad que os sorprendamos con nuestros <strong>postres.<\/strong>\u00a0<\/p><\/div><\/div><\/div><\/section><\/section><section class='page-content pt-100 custom-background image-background' style='background-image: url(https:\/\/restaurantlamontoliva.com\/wp-content\/uploads\/2024\/11\/linies-carta-beige.jpg);background-size: cover;background-repeat: repeat;'  ><section class='container'><div class='row mb-20 menu-background' style=''><div class='col-md-12 menu-left-shadow' style='' ><a href='http:\/\/restaurantlamontoliva.com\/wp-content\/uploads\/2025\/10\/CARTA-2025_-8-pa\u0300g.pdf' target='_blank'><img src='https:\/\/restaurantlamontoliva.com\/wp-content\/uploads\/2022\/09\/carta-otono-invierno-768x1086.png' class='center' title='carta otono-invierno' alt='carta otono-invierno' width='768' height='1086'\/><\/a><div class='clearfix'><\/div><\/div><\/div><div class='row' style=''><div class='col-md-12 centered' style='' ><div class='triggerAnimation animated' data-animate='fadeInUp' ><a href='http:\/\/eepurl.com\/g4ogOv' class='btn black btn-big btn-centered' target=\"_BLANK\" ><span>\u00bfQuieres que te avisemos cuando cambiemos de carta?<\/span><\/a><div class='clearfix'><\/div><\/div><\/div><\/div><\/section><\/section><section class='page-content custom-col-padding mb-100 custom-background image-background dark' style='background-image: url(https:\/\/restaurantlamontoliva.com\/wp-content\/uploads\/2018\/03\/FOTO-ENSALADA.jpg);background-size: cover;background-repeat: no-repeat;'  ><section class='container'><div class='row' style=''><div class='col-md-12 centered' style='' ><div class='triggerAnimation animated' data-animate='fadeInUp' > <div class='custom-heading style-1 centered'>\r\n\t\t\t\t\t<h2><span>Renovaci\u00f3n constante<\/span><\/h2>\r\n\t\t\t\t\t<h2>Opciones de men\u00fa<\/h2>\r\n\t\t\t\t\t <div class='divider style-2 center'>\r\n                                <span class='hr-double left'><\/span>\r\n                                <span class='divider-svg'>\r\n                                    <img src='https:\/\/restaurantlamontoliva.com\/wp-content\/themes\/royal-plate\/img\/svg\/heading-icon.svg' alt='Opciones de men\u00fa' class='svg-color'>\r\n                                <\/span>\r\n                                <span class='hr-double right'><\/span>\r\n                            <\/div>\r\n\t\t\t\t\t<\/div><\/div><\/div><\/div><\/section><\/section><section class='page-content' style=''  ><section class='container'><div class='row' style=''><div class='col-md-12 centered' style='' ><div class='promo-box'>\r\n                            <img src='https:\/\/restaurantlamontoliva.com\/wp-content\/uploads\/2018\/10\/LA-CALC\u0327OTADA-copia-50-262x245.jpg' alt='La &quot;Cal\u00e7otada&quot;' title='#novo1179'\/>\r\n                            <div class='promo-box-content centered'>\r\n                                <div class='custom-heading style-1'>\r\n                                    <h3><span><\/span><\/h3>\r\n                                    <h3>La &quot;cal\u00e7otada&quot;<\/h3>\r\n\r\n                                    <div class='divider style-1 center'>\r\n                                        <span class='hr-simple left'><\/span>\r\n                                        <i class='fa fa-circle hr-icon'><\/i>\r\n                                        <span class='hr-simple right'><\/span>\r\n                                    <\/div>\r\n                                <\/div>\r\n                                <p><\/p>\r\n                                <a href='https:\/\/restaurantlamontoliva.com\/es\/dish-and-drinks\/la-calcotada-2\/' class='more-details'>M\u00e1s detalles <i class='fa fa-angle-double-right'><\/i><\/a>\r\n                            <\/div>\r\n                        <\/div><\/div><\/div><\/section><\/section><section class='page-content' style=''  ><section class='container'><div class='row' style=''><div class='col-md-12 centered empty' style='' ><a href='' class='btn blue btn-medium '  ><span>Button<\/span><\/a><div class='clearfix'><\/div><\/div><\/div><\/section><\/section>\n","protected":false},"excerpt":{"rendered":"","protected":false},"author":2,"featured_media":0,"parent":0,"menu_order":0,"comment_status":"closed","ping_status":"closed","template":"","meta":[],"_links":{"self":[{"href":"https:\/\/restaurantlamontoliva.com\/es\/wp-json\/wp\/v2\/pages\/1192"}],"collection":[{"href":"https:\/\/restaurantlamontoliva.com\/es\/wp-json\/wp\/v2\/pages"}],"about":[{"href":"https:\/\/restaurantlamontoliva.com\/es\/wp-json\/wp\/v2\/types\/page"}],"author":[{"embeddable":true,"href":"https:\/\/restaurantlamontoliva.com\/es\/wp-json\/wp\/v2\/users\/2"}],"replies":[{"embeddable":true,"href":"https:\/\/restaurantlamontoliva.com\/es\/wp-json\/wp\/v2\/comments?post=1192"}],"version-history":[{"count":23,"href":"https:\/\/restaurantlamontoliva.com\/es\/wp-json\/wp\/v2\/pages\/1192\/revisions"}],"predecessor-version":[{"id":1998,"href":"https:\/\/restaurantlamontoliva.com\/es\/wp-json\/wp\/v2\/pages\/1192\/revisions\/1998"}],"wp:attachment":[{"href":"https:\/\/restaurantlamontoliva.com\/es\/wp-json\/wp\/v2\/media?parent=1192"}],"curies":[{"name":"wp","href":"https:\/\/api.w.org\/{rel}","templated":true}]}}