{"id":1186,"date":"2016-02-19T09:01:38","date_gmt":"2016-02-19T08:01:38","guid":{"rendered":"http:\/\/restaurantlamontoliva.com\/el-restaurant\/"},"modified":"2024-11-25T16:59:03","modified_gmt":"2024-11-25T15:59:03","slug":"el-restaurante","status":"publish","type":"page","link":"https:\/\/restaurantlamontoliva.com\/es\/el-restaurante\/","title":{"rendered":"El Restaurante"},"content":{"rendered":"<section class='page-content' style=''  ><section class='container'><div class='row' style=''><div class='col-md-6 centered' style='' ><img src='https:\/\/restaurantlamontoliva.com\/wp-content\/uploads\/2018\/03\/01_01_2017_KOKO_WT_DSC03190.jpg' class='center' title='01_01_2017_KOKO_WT_DSC03190' alt='01_01_2017_KOKO_WT_DSC03190' width='1440' height='1080'\/><div class='clearfix'><\/div><\/div><div class='col-md-6 centered' style='' > <div class='custom-heading style-1 centered'>\r\n\t\t\t\t\t<h3><span>Nuestra historia<\/span><\/h3>\r\n\t\t\t\t\t<h3>40 A\u00f1os de tradici\u00f3n<\/h3>\r\n\t\t\t\t\t<div class='divider style-1 center'>\r\n\t\t\t\t\t<span class='hr-simple left'><\/span>\r\n\t\t\t\t\t<i class='fa fa-circle hr-icon'><\/i>\r\n\t\t\t\t\t<span class='hr-simple right'><\/span>\r\n\t\t\t\t\t<\/div>\r\n\t\t\t\t\t<\/div><div class='cma-wysiwyg-editor'><br \/><p style=\"text-align: justify;\">Un ambiente rural, familiar y pr\u00f3ximo es lo que vais a encontrar en nuestro restaurante que, en las tierras de Vilallonga del Camp, os espera. Nuestra \"masia\", construida por nuestros padres hace 50 a\u00f1os, os recibir\u00e1 con las puertas abiertas y os conducir\u00e1 a la tradici\u00f3n de la cocina catalana de ra\u00edz, aquella que, en los inicios de La Montoliva, ya reluc\u00eda en las primeras \"cal\u00e7otadas\" y \"montolivadas\" que se realizaron dentro de sus paredes, que, ahora, est\u00e1n cubiertas por las herramientas ancestrales, aut\u00e9nticas, que nuestra familia utilizaba para cultivar las tierras de La Montoliva.<\/p><\/div><\/div><\/div><\/section><\/section><section class='page-content' style=''  ><section class='container'><div class='row' style=''><div class='col-md-6 centered' style='' > <div class='custom-heading style-1 centered'>\r\n\t\t\t\t\t<h3><span>Nuestra propuesta<\/span><\/h3>\r\n\t\t\t\t\t<h3>Cocina casera en el s. XXI<\/h3>\r\n\t\t\t\t\t<div class='divider style-1 center'>\r\n\t\t\t\t\t<span class='hr-simple left'><\/span>\r\n\t\t\t\t\t<i class='fa fa-circle hr-icon'><\/i>\r\n\t\t\t\t\t<span class='hr-simple right'><\/span>\r\n\t\t\t\t\t<\/div>\r\n\t\t\t\t\t<\/div><div class='cma-wysiwyg-editor'><p style=\"text-align: justify;\">Cocina tradicional, basada en productos de la tierra como los caracoles, los \"cal\u00e7ots\" o el \"xat\u00f3\". Cocina de sabor, aut\u00e9ntica, la de siempre, construida a partir de recetas familiares que se han mantenido hasta nuestros d\u00edas, conservando, as\u00ed, la esencia de la cocina de toda la vida. En La Montoliva los productos son de proximidad y de productores locales; conviene destacar los huevos (recogidos de nuestras gallinas) y las hortalizas (cultivadas en nuestro huerto), que hacen el viaje de pocos metros del campo al plato.<\/p><p style=\"text-align: justify;\">La Montoliva es un viaje a los gustos ancestrales, a los platos t\u00edpicos de nuestra madres y abuelas, a los sabores que nos han visto crecer y con los que nos hemos hecho mayores. La cocina casera catalana trasladada a nuestros d\u00edas pero sin perder la esencia m\u00e1s pura.\u00a0<\/p><p style=\"text-align: justify;\">\"Cal\u00e7otades\", caracoladas, bacalao \"a la llauna\", carne a la brasa, pan con tomate, embutidos, carne de caza, postres caseros... todo esto y mucho m\u00e1s te espera en nuestra carta, en nuestros men\u00fas y en las propuestas gastron\u00f3micas que puedes encontrar siempre en nuestra casa.\u00a0<\/p><p style=\"text-align: justify;\"><strong>La Montoliva es un lugar ideal para celebraciones multitudinarias, grupos de amigos, familias con ni\u00f1os, as\u00ed como tambi\u00e9n para todo tipo de festejos<\/strong> (comuniones, bodas, comidas familiares, cenas y comidas de empresa...), tanto por su amplio comedor interior como por la posibilidad de utilizar los espacios exteriores, las terrazas, la zona de animales o el parque infantil.\u00a0<\/p><\/div><\/div><div class='col-md-6 centered' style='' ><img src='https:\/\/restaurantlamontoliva.com\/wp-content\/uploads\/2018\/03\/21_10_2017_MARTAB_WT_LLOC05.jpg' class='center' title='21_10_2017_MARTAB_WT_LLOC05' alt='21_10_2017_MARTAB_WT_LLOC05' width='1920' height='2582'\/><div class='clearfix'><\/div><\/div><\/div><\/section><\/section><section class='page-content custom-col-padding mb-100 custom-background image-background dark' style='background-image: url(https:\/\/restaurantlamontoliva.com\/wp-content\/uploads\/2018\/03\/FOTO-exterior.jpg);background-size: cover;background-repeat: no-repeat;'  ><section class='container'><div class='row' style=''><div class='col-md-12 centered' style='' ><div class='triggerAnimation animated' data-animate='fadeInUp' > <div class='custom-heading style-1 centered'>\r\n\t\t\t\t\t<h2><span>Espacio interior y exterior<\/span><\/h2>\r\n\t\t\t\t\t<h2>Entorno rural<\/h2>\r\n\t\t\t\t\t <div class='divider style-2 center'>\r\n                                <span class='hr-double left'><\/span>\r\n                                <span class='divider-svg'>\r\n                                    <img src='https:\/\/restaurantlamontoliva.com\/wp-content\/themes\/royal-plate\/img\/svg\/heading-icon.svg' alt='Entorno rural' class='svg-color'>\r\n                                <\/span>\r\n                                <span class='hr-double right'><\/span>\r\n                            <\/div>\r\n\t\t\t\t\t<\/div><\/div><\/div><\/div><\/section><\/section><section class='page-content' style=''  ><section class='container'><div class='row' style=''><div class='col-md-6 centered' style='' ><img src='https:\/\/restaurantlamontoliva.com\/wp-content\/uploads\/2018\/08\/menjador.jpg' class='center' title='menjador' alt='menjador' width='2640' height='2499'\/><div class='clearfix'><\/div><\/div><div class='col-md-6 centered' style='' > <div class='custom-heading style-1 centered'>\r\n\t\t\t\t\t<h3><span>Interior<\/span><\/h3>\r\n\t\t\t\t\t<h3>Calidez catalana<\/h3>\r\n\t\t\t\t\t<div class='divider style-1 center'>\r\n\t\t\t\t\t<span class='hr-simple left'><\/span>\r\n\t\t\t\t\t<i class='fa fa-circle hr-icon'><\/i>\r\n\t\t\t\t\t<span class='hr-simple right'><\/span>\r\n\t\t\t\t\t<\/div>\r\n\t\t\t\t\t<\/div><ul class='article-meta'><li>200 plazas en el comedor interior<\/li><li>Aire acondicionado y calefacci\u00f3n<\/li><li>Acceso para sillas de ruedas<\/li><li>Cambiador para beb\u00e9s<\/li><li>Diferentes salas<\/li><li>Diferentes accesos a la \"masia\"<\/li><\/ul><div class='cma-wysiwyg-editor'><p align=\"justify\">Un comedor amplio, con diferentes salas, con diferentes accesos para permitir libertad y amplitud a todas aquellas personas y grupos que nos visitan. Un interior plenamente rural, donde la madera, las herramientas de cultivar la tierra, los productos secos... forman nuestro d\u00eda a d\u00eda, decorando las paredes de la antigua \"masia\" de nuestra familia, dando calidez al ambiente y creando un marco perfecto y majestuoso para una propuesta gastron\u00f3mica de ra\u00edz y tradici\u00f3n catalana. La Montoliva te har\u00e1 so\u00f1ar y te transportar\u00e1 a un ambiente rural y ancestral, donde el tiempo no corr\u00eda como ahora y la cocina se hac\u00eda sin prisa, con mimo y cari\u00f1o.<\/p><p align=\"justify\">\u00a0<\/p><\/div><\/div><\/div><\/section><\/section><section class='page-content' style=''  ><section class='container'><div class='row' style=''><div class='col-md-6 centered' style='' > <div class='custom-heading style-1 centered'>\r\n\t\t\t\t\t<h3><span>Exterior<\/span><\/h3>\r\n\t\t\t\t\t<h3>Entorno con huerto y animales<\/h3>\r\n\t\t\t\t\t<div class='divider style-1 center'>\r\n\t\t\t\t\t<span class='hr-simple left'><\/span>\r\n\t\t\t\t\t<i class='fa fa-circle hr-icon'><\/i>\r\n\t\t\t\t\t<span class='hr-simple right'><\/span>\r\n\t\t\t\t\t<\/div>\r\n\t\t\t\t\t<\/div><ul class='article-meta'><li>Terraza exterior<\/li><li>Amplio jard\u00edn<\/li><li>Parking para coches y autobuses<\/li><li>Zona con animales de granja<\/li><li>Zona de juegos<\/li><li>Servicio de monitores para ni\u00f1os<\/li><\/ul><div class='cma-wysiwyg-editor'><p align=\"justify\">La Montoliva se encuentra situada en un entorno rural tranquilo donde pasear y gozar de la naturaleza es posible. En la finca del restaurante disponemos de un amplio parking donde, de forma gratuita, los comensales pueden dejar los coches. El parking puede acoger, tambi\u00e9n, autobuses, para aquellos grupos que lo necesiten. El espacio exterior se complementa con una zona con animales (faisanes, gallinas, patos...) zona que es la preferida por los m\u00e1s peque\u00f1os de la casa. Para ellos, tambi\u00e9n, disponemos de un jard\u00edn frontal con columpios y toboganes.\u00a0<\/p><\/div><\/div><div class='col-md-6 ' style='' ><img src='https:\/\/restaurantlamontoliva.com\/wp-content\/uploads\/2018\/03\/21_10_2017_MARTAB_WT_LLOC13.jpg' class='center' title='21_10_2017_MARTAB_WT_LLOC13' alt='21_10_2017_MARTAB_WT_LLOC13' width='1920' height='1578'\/><div class='clearfix'><\/div><\/div><\/div><\/section><\/section><section class='page-content custom-col-padding mb-100 custom-background image-background dark' style='background-image: url(https:\/\/restaurantlamontoliva.com\/wp-content\/uploads\/2018\/03\/FOTO-OLIS.jpg);background-size: cover;background-repeat: repeat;'  ><section class='container'><div class='row' style=''><div class='col-md-12 ' style='' ><div class='triggerAnimation animated' data-animate='fadeInUp' > <div class='custom-heading style-1 centered'>\r\n\t\t\t\t\t<h2><span>\u00bfSabes que hacemos nuestro propio aceite de oliva?<\/span><\/h2>\r\n\t\t\t\t\t<h2>En la Montoliva<\/h2>\r\n\t\t\t\t\t <div class='divider style-2 center'>\r\n                                <span class='hr-double left'><\/span>\r\n                                <span class='divider-svg'>\r\n                                    <img src='https:\/\/restaurantlamontoliva.com\/wp-content\/themes\/royal-plate\/img\/svg\/heading-icon.svg' alt='En la Montoliva' class='svg-color'>\r\n                                <\/span>\r\n                                <span class='hr-double right'><\/span>\r\n                            <\/div>\r\n\t\t\t\t\t<\/div><\/div><\/div><\/div><\/section><\/section><section class='page-content' style=''  ><section class='container'><div class='row' style=''><div class='col-md-12 ' style='' > <div class='custom-heading style-1 centered'>\r\n                            <h3>Galer\u00eda<\/h3>\r\n                            <div class='divider style-1 center'>\r\n                              <span class='hr-simple left'><\/span>\r\n                                <i class='fa fa-circle hr-icon left'><\/i>\r\n                                <span class='hr-simple right'><\/span>\r\n                            <\/div>\r\n                        <\/div><div class='cma-wysiwyg-editor'><p><!-- Final Tiles Grid Gallery for WordPress v3.4.20 free --><style>#ftg-11 .tile .icon { color:#ffffff; }#ftg-11 .ftg-items .loading-bar i { background:#666; }#ftg-11 .ftg-items .loading-bar { background:#fff; }#ftg-11 .tile .icon { font-size:12px; }#ftg-11 .tile .icon { margin: -6px 0 0 -6px; }#ftg-11 .tile .caption-block .text-wrapper span.text { font-size:12px; }#ftg-11 .tile .caption-block .text-wrapper span.title { font-size:14px; }#ftg-11 .tile { background-color: transparent; }#ftg-11 .tile .caption-block .text-wrapper span.text { color: #ffffff; }#ftg-11 .tile .caption-block .text-wrapper span.title { color: #ffffff; }#ftg-11 .tile .ftg-social a { color: #ffffff; }#ftg-11 .tile .caption-block { transition-duration:0.25s; }#ftg-11 .tile .tile-inner:before { background-color: #000000; }#ftg-11 .tile .tile-inner:before { background-color: rgba(0, 0, 0, 0.8); }#ftg-11 .tile:hover img {-moz-transform: ;-webkit-transform: ;-o-transform: ;-ms-transform: ;transform: ;}<\/style><a name='1'><\/a><div class='final-tiles-gallery  ftg-hover-enabled  caption-none caption-middle caption-center' id='ftg-11' style='width:100%'><div class='ftg-items'><div class='loading-bar'><i><\/i><\/div><div  class='tile ftg-preload  '><a title=\"\" data-lightbox='ftg-11' rel='ftg-11'  class=' tile-inner  ftg-lightbox' href='https:\/\/restaurantlamontoliva.com\/wp-content\/uploads\/2018\/08\/menjador.jpg' ><img alt='' class='item skip-lazy' data-class='item' data-ftg-source='http:\/\/restaurantlamontoliva.com\/wp-content\/uploads\/2018\/08\/menjador.jpg' src='http:\/\/restaurantlamontoliva.com\/wp-content\/uploads\/2018\/08\/menjador.jpg' width='2640' height='2499' \/><\/a><div class='ftg-social'><\/div><\/div><div  class='tile ftg-preload  '><a title=\"\" data-lightbox='ftg-11' rel='ftg-11'  class=' tile-inner  ftg-lightbox' href='https:\/\/restaurantlamontoliva.com\/wp-content\/uploads\/2018\/08\/prog-13-11_2017_MARTAB_WT_LLOC09.jpg' ><img alt='' class='item skip-lazy' data-class='item' data-ftg-source='http:\/\/restaurantlamontoliva.com\/wp-content\/uploads\/2018\/08\/prog-13-11_2017_MARTAB_WT_LLOC09.jpg' src='http:\/\/restaurantlamontoliva.com\/wp-content\/uploads\/2018\/08\/prog-13-11_2017_MARTAB_WT_LLOC09.jpg' width='1016' height='1080' \/><\/a><div class='ftg-social'><\/div><\/div><div  class='tile ftg-preload  '><a title=\"\" data-lightbox='ftg-11' rel='ftg-11'  class=' tile-inner  ftg-lightbox' href='https:\/\/restaurantlamontoliva.com\/wp-content\/uploads\/2018\/08\/PROG_18_12_2017_MARTAB_WT_LLOC26.jpg' ><img alt='' class='item skip-lazy' data-class='item' data-ftg-source='http:\/\/restaurantlamontoliva.com\/wp-content\/uploads\/2018\/08\/PROG_18_12_2017_MARTAB_WT_LLOC26.jpg' src='http:\/\/restaurantlamontoliva.com\/wp-content\/uploads\/2018\/08\/PROG_18_12_2017_MARTAB_WT_LLOC26.jpg' width='1626' height='1080' \/><\/a><div class='ftg-social'><\/div><\/div><div  class='tile ftg-preload  '><a title=\"\" data-lightbox='ftg-11' rel='ftg-11'  class=' tile-inner  ftg-lightbox' href='https:\/\/restaurantlamontoliva.com\/wp-content\/uploads\/2018\/03\/21_10_2017_MARTAB_WT_LLOC13-1024x842.jpg' ><img alt='' class='item skip-lazy' data-class='item' data-ftg-source='http:\/\/restaurantlamontoliva.com\/wp-content\/uploads\/2018\/03\/21_10_2017_MARTAB_WT_LLOC13-300x247.jpg' src='http:\/\/restaurantlamontoliva.com\/wp-content\/uploads\/2018\/03\/21_10_2017_MARTAB_WT_LLOC13-300x247.jpg' width='1920' height='1578' \/><\/a><div class='ftg-social'><\/div><\/div><div  class='tile ftg-preload  '><a title=\"\" data-lightbox='ftg-11' rel='ftg-11'  class=' tile-inner  ftg-lightbox' href='https:\/\/restaurantlamontoliva.com\/wp-content\/uploads\/2018\/03\/21_10_2017_MARTAB_WT_LLOC05-761x1024.jpg' ><img alt='' class='item skip-lazy' data-class='item' data-ftg-source='http:\/\/restaurantlamontoliva.com\/wp-content\/uploads\/2018\/03\/21_10_2017_MARTAB_WT_LLOC05-223x300.jpg' src='http:\/\/restaurantlamontoliva.com\/wp-content\/uploads\/2018\/03\/21_10_2017_MARTAB_WT_LLOC05-223x300.jpg' width='1920' height='2582' \/><\/a><div class='ftg-social'><\/div><\/div><div  class='tile ftg-preload  '><a title=\"\" data-lightbox='ftg-11' rel='ftg-11'  class=' tile-inner  ftg-lightbox' href='https:\/\/restaurantlamontoliva.com\/wp-content\/uploads\/2018\/03\/01_01_2017_KOKO_WT_DSC03190-1024x768.jpg' ><img alt='' class='item skip-lazy' data-class='item' data-ftg-source='http:\/\/restaurantlamontoliva.com\/wp-content\/uploads\/2018\/03\/01_01_2017_KOKO_WT_DSC03190-300x225.jpg' src='http:\/\/restaurantlamontoliva.com\/wp-content\/uploads\/2018\/03\/01_01_2017_KOKO_WT_DSC03190-300x225.jpg' width='1440' height='1080' \/><\/a><div class='ftg-social'><\/div><\/div><div  class='tile ftg-preload  '><a title=\"\" data-lightbox='ftg-11' rel='ftg-11'  class=' tile-inner  ftg-lightbox' href='https:\/\/restaurantlamontoliva.com\/wp-content\/uploads\/2018\/03\/21_10_2017_MARTAB_WT_PLATS40-1024x680.jpg' ><img alt='' class='item skip-lazy' data-class='item' data-ftg-source='http:\/\/restaurantlamontoliva.com\/wp-content\/uploads\/2018\/03\/21_10_2017_MARTAB_WT_PLATS40-300x199.jpg' src='http:\/\/restaurantlamontoliva.com\/wp-content\/uploads\/2018\/03\/21_10_2017_MARTAB_WT_PLATS40-300x199.jpg' width='1920' height='1275' \/><\/a><div class='ftg-social'><\/div><\/div><div  class='tile ftg-preload  '><a title=\"\" data-lightbox='ftg-11' rel='ftg-11'  class=' tile-inner  ftg-lightbox' href='https:\/\/restaurantlamontoliva.com\/wp-content\/uploads\/2018\/08\/timbal-d-empedrat.jpg' ><img alt='' class='item skip-lazy' data-class='item' data-ftg-source='http:\/\/restaurantlamontoliva.com\/wp-content\/uploads\/2018\/08\/timbal-d-empedrat.jpg' src='http:\/\/restaurantlamontoliva.com\/wp-content\/uploads\/2018\/08\/timbal-d-empedrat.jpg' width='1440' height='1080' \/><\/a><div class='ftg-social'><\/div><\/div><div  class='tile ftg-preload  '><a title=\"\" data-lightbox='ftg-11' rel='ftg-11'  class=' tile-inner  ftg-lightbox' href='https:\/\/restaurantlamontoliva.com\/wp-content\/uploads\/2018\/08\/prog-06-11_2017_MARTAB_WT_PLATS03.jpg' ><img alt='' class='item skip-lazy' data-class='item' data-ftg-source='http:\/\/restaurantlamontoliva.com\/wp-content\/uploads\/2018\/08\/prog-06-11_2017_MARTAB_WT_PLATS03.jpg' src='http:\/\/restaurantlamontoliva.com\/wp-content\/uploads\/2018\/08\/prog-06-11_2017_MARTAB_WT_PLATS03.jpg' width='1626' height='1080' \/><\/a><div class='ftg-social'><\/div><\/div><div  class='tile ftg-preload  '><a title=\"\" data-lightbox='ftg-11' rel='ftg-11'  class=' tile-inner  ftg-lightbox' href='https:\/\/restaurantlamontoliva.com\/wp-content\/uploads\/2018\/08\/llonganissa-i-botifarra.jpg' ><img alt='' class='item skip-lazy' data-class='item' data-ftg-source='http:\/\/restaurantlamontoliva.com\/wp-content\/uploads\/2018\/08\/llonganissa-i-botifarra.jpg' src='http:\/\/restaurantlamontoliva.com\/wp-content\/uploads\/2018\/08\/llonganissa-i-botifarra.jpg' width='1440' height='1080' \/><\/a><div class='ftg-social'><\/div><\/div><div  class='tile ftg-preload  '><a title=\"\" data-lightbox='ftg-11' rel='ftg-11'  class=' tile-inner  ftg-lightbox' href='https:\/\/restaurantlamontoliva.com\/wp-content\/uploads\/2018\/08\/la-montolivada-menu.jpg' ><img alt='' class='item skip-lazy' data-class='item' data-ftg-source='http:\/\/restaurantlamontoliva.com\/wp-content\/uploads\/2018\/08\/la-montolivada-menu.jpg' src='http:\/\/restaurantlamontoliva.com\/wp-content\/uploads\/2018\/08\/la-montolivada-menu.jpg' width='1440' height='1080' \/><\/a><div class='ftg-social'><\/div><\/div><div  class='tile ftg-preload  '><a title=\"\" data-lightbox='ftg-11' rel='ftg-11'  class=' tile-inner  ftg-lightbox' href='https:\/\/restaurantlamontoliva.com\/wp-content\/uploads\/2018\/08\/graellada-de-l-hort.jpg' ><img alt='' class='item skip-lazy' data-class='item' data-ftg-source='http:\/\/restaurantlamontoliva.com\/wp-content\/uploads\/2018\/08\/graellada-de-l-hort.jpg' src='http:\/\/restaurantlamontoliva.com\/wp-content\/uploads\/2018\/08\/graellada-de-l-hort.jpg' width='1406' height='1080' \/><\/a><div class='ftg-social'><\/div><\/div><div  class='tile ftg-preload  '><a title=\"\" data-lightbox='ftg-11' rel='ftg-11'  class=' tile-inner  ftg-lightbox' href='https:\/\/restaurantlamontoliva.com\/wp-content\/uploads\/2018\/08\/espardenya.jpg' ><img alt='' class='item skip-lazy' data-class='item' data-ftg-source='http:\/\/restaurantlamontoliva.com\/wp-content\/uploads\/2018\/08\/espardenya.jpg' src='http:\/\/restaurantlamontoliva.com\/wp-content\/uploads\/2018\/08\/espardenya.jpg' width='1440' height='1080' \/><\/a><div class='ftg-social'><\/div><\/div><div  class='tile ftg-preload  '><a title=\"\" data-lightbox='ftg-11' rel='ftg-11'  class=' tile-inner  ftg-lightbox' href='https:\/\/restaurantlamontoliva.com\/wp-content\/uploads\/2018\/08\/escudella.jpg' ><img alt='' class='item skip-lazy' data-class='item' data-ftg-source='http:\/\/restaurantlamontoliva.com\/wp-content\/uploads\/2018\/08\/escudella.jpg' src='http:\/\/restaurantlamontoliva.com\/wp-content\/uploads\/2018\/08\/escudella.jpg' width='1440' height='1080' \/><\/a><div class='ftg-social'><\/div><\/div><div  class='tile ftg-preload  '><a title=\"\" data-lightbox='ftg-11' rel='ftg-11'  class=' tile-inner  ftg-lightbox' href='https:\/\/restaurantlamontoliva.com\/wp-content\/uploads\/2018\/08\/Carpaccio-de-carbasso.jpg' ><img alt='' class='item skip-lazy' data-class='item' data-ftg-source='http:\/\/restaurantlamontoliva.com\/wp-content\/uploads\/2018\/08\/Carpaccio-de-carbasso.jpg' src='http:\/\/restaurantlamontoliva.com\/wp-content\/uploads\/2018\/08\/Carpaccio-de-carbasso.jpg' width='1440' height='1080' \/><\/a><div class='ftg-social'><\/div><\/div><div  class='tile ftg-preload  '><a title=\"\" data-lightbox='ftg-11' rel='ftg-11'  class=' tile-inner  ftg-lightbox' href='https:\/\/restaurantlamontoliva.com\/wp-content\/uploads\/2018\/08\/cargols-a-la-llauna.jpg' ><img alt='' class='item skip-lazy' data-class='item' data-ftg-source='http:\/\/restaurantlamontoliva.com\/wp-content\/uploads\/2018\/08\/cargols-a-la-llauna.jpg' src='http:\/\/restaurantlamontoliva.com\/wp-content\/uploads\/2018\/08\/cargols-a-la-llauna.jpg' width='1440' height='1080' \/><\/a><div class='ftg-social'><\/div><\/div><div  class='tile ftg-preload  '><a title=\"\" data-lightbox='ftg-11' rel='ftg-11'  class=' tile-inner  ftg-lightbox' href='https:\/\/restaurantlamontoliva.com\/wp-content\/uploads\/2018\/08\/cargolada-menu.jpg' ><img alt='' class='item skip-lazy' data-class='item' data-ftg-source='http:\/\/restaurantlamontoliva.com\/wp-content\/uploads\/2018\/08\/cargolada-menu.jpg' src='http:\/\/restaurantlamontoliva.com\/wp-content\/uploads\/2018\/08\/cargolada-menu.jpg' width='1440' height='1080' \/><\/a><div class='ftg-social'><\/div><\/div><div  class='tile ftg-preload  '><a title=\"\" data-lightbox='ftg-11' rel='ftg-11'  class=' tile-inner  ftg-lightbox' href='https:\/\/restaurantlamontoliva.com\/wp-content\/uploads\/2018\/08\/bacalla-a-la-llauna.jpg' ><img alt='' class='item skip-lazy' data-class='item' data-ftg-source='http:\/\/restaurantlamontoliva.com\/wp-content\/uploads\/2018\/08\/bacalla-a-la-llauna.jpg' src='http:\/\/restaurantlamontoliva.com\/wp-content\/uploads\/2018\/08\/bacalla-a-la-llauna.jpg' width='1440' height='1080' \/><\/a><div class='ftg-social'><\/div><\/div><div  class='tile ftg-preload  '><a title=\"\" data-lightbox='ftg-11' rel='ftg-11'  class=' tile-inner  ftg-lightbox' href='https:\/\/restaurantlamontoliva.com\/wp-content\/uploads\/2018\/08\/amanida-de-pastor-1.jpg' ><img alt='' class='item skip-lazy' data-class='item' data-ftg-source='http:\/\/restaurantlamontoliva.com\/wp-content\/uploads\/2018\/08\/amanida-de-pastor-1.jpg' src='http:\/\/restaurantlamontoliva.com\/wp-content\/uploads\/2018\/08\/amanida-de-pastor-1.jpg' width='1440' height='1080' \/><\/a><div class='ftg-social'><\/div><\/div><\/div><\/div><script type='text\/javascript'>jQuery('#ftg-11 img.item').removeAttr('src');jQuery(document).ready(function () {setTimeout(function () {jQuery('#ftg-11').finalTilesGallery({minTileWidth: 250,margin: 10,loadMethod: 'sequential',nonce: '7d8da9ec62',galleryId: '1',setupFilters: true,layout: 'columns',debug: false,gridSize: 25,disableGridSizeBelow:800,allowEnlargement: true,columns: [[4000, 4],[1024, 4],[800, 3],[480, 3],[320, 2]],selectedFilter: 'n-a'});jQuery(function () {(function () {var rel = '';jQuery('#ftg-11 .ftg-lightbox').click(function (e) {rel = jQuery(this).attr('rel');jQuery('#ftg-11 .ftg-current').removeClass('ftg-current');jQuery('#ftg-11 [rel=\"'+rel+'\"]').addClass('ftg-current');});})();});}, 0);});<\/script><\/p><\/div><\/div><\/div><\/section><\/section>\n","protected":false},"excerpt":{"rendered":"","protected":false},"author":2,"featured_media":0,"parent":0,"menu_order":0,"comment_status":"closed","ping_status":"closed","template":"","meta":[],"_links":{"self":[{"href":"https:\/\/restaurantlamontoliva.com\/es\/wp-json\/wp\/v2\/pages\/1186"}],"collection":[{"href":"https:\/\/restaurantlamontoliva.com\/es\/wp-json\/wp\/v2\/pages"}],"about":[{"href":"https:\/\/restaurantlamontoliva.com\/es\/wp-json\/wp\/v2\/types\/page"}],"author":[{"embeddable":true,"href":"https:\/\/restaurantlamontoliva.com\/es\/wp-json\/wp\/v2\/users\/2"}],"replies":[{"embeddable":true,"href":"https:\/\/restaurantlamontoliva.com\/es\/wp-json\/wp\/v2\/comments?post=1186"}],"version-history":[{"count":9,"href":"https:\/\/restaurantlamontoliva.com\/es\/wp-json\/wp\/v2\/pages\/1186\/revisions"}],"predecessor-version":[{"id":1954,"href":"https:\/\/restaurantlamontoliva.com\/es\/wp-json\/wp\/v2\/pages\/1186\/revisions\/1954"}],"wp:attachment":[{"href":"https:\/\/restaurantlamontoliva.com\/es\/wp-json\/wp\/v2\/media?parent=1186"}],"curies":[{"name":"wp","href":"https:\/\/api.w.org\/{rel}","templated":true}]}}