{"id":1196,"date":"2016-02-19T09:17:02","date_gmt":"2016-02-19T08:17:02","guid":{"rendered":"http:\/\/restaurantlamontoliva.com\/contacte\/"},"modified":"2024-11-25T18:05:27","modified_gmt":"2024-11-25T17:05:27","slug":"contacto","status":"publish","type":"page","link":"http:\/\/restaurantlamontoliva.com\/es\/contacto\/","title":{"rendered":"Contacto"},"content":{"rendered":"<section class='page-content' style=''  ><section class='container'><div class='row mb-0' style=''><div class='col-md-12 centered mb-20' style='' > <div class='custom-heading style-1 centered'>\r\n\t\t\t\t\t<h3><span>Si tienes alguna pregunta<\/span><\/h3>\r\n\t\t\t\t\t<h3>Contacta con La Montoliva<\/h3>\r\n\t\t\t\t\t<div class='divider style-1 center'>\r\n\t\t\t\t\t<span class='hr-simple left'><\/span>\r\n\t\t\t\t\t<i class='fa fa-circle hr-icon'><\/i>\r\n\t\t\t\t\t<span class='hr-simple right'><\/span>\r\n\t\t\t\t\t<\/div>\r\n\t\t\t\t\t<\/div><\/div><\/div><div class='row' style=''><div class='col-md-6 centered' style='' ><div class='cma-wysiwyg-editor'><p class=\"emphasized-text\">Tel\u00e9fono: 977 84 02 68<\/p><\/div><div class='cma-wysiwyg-editor'><p><div role=\"form\" class=\"wpcf7\" id=\"wpcf7-f1406-o1\" lang=\"es-ES\" dir=\"ltr\">\n<div class=\"screen-reader-response\" aria-live=\"polite\"><\/div>\n<form action=\"\/es\/wp-json\/wp\/v2\/pages\/1196#wpcf7-f1406-o1\" method=\"post\" class=\"wpcf7-form\" novalidate=\"novalidate\">\n<div style=\"display: none;\">\n<input type=\"hidden\" name=\"_wpcf7\" value=\"1406\" \/>\n<input type=\"hidden\" name=\"_wpcf7_version\" value=\"5.1.9\" \/>\n<input type=\"hidden\" name=\"_wpcf7_locale\" value=\"es_ES\" \/>\n<input type=\"hidden\" name=\"_wpcf7_unit_tag\" value=\"wpcf7-f1406-o1\" \/>\n<input type=\"hidden\" name=\"_wpcf7_container_post\" value=\"0\" \/>\n<\/div>\n<p><label> Nombre y apellidos (requerido)<br \/>\n    <span class=\"wpcf7-form-control-wrap your-name\"><input type=\"text\" name=\"your-name\" value=\"\" size=\"40\" class=\"wpcf7-form-control wpcf7-text wpcf7-validates-as-required\" aria-required=\"true\" aria-invalid=\"false\" \/><\/span> <\/label><\/p>\n<p><label> Correo electr\u00f3nico (requerido)<br \/>\n    <span class=\"wpcf7-form-control-wrap your-email\"><input type=\"email\" name=\"your-email\" value=\"\" size=\"40\" class=\"wpcf7-form-control wpcf7-text wpcf7-email wpcf7-validates-as-required wpcf7-validates-as-email\" aria-required=\"true\" aria-invalid=\"false\" \/><\/span> <\/label><\/p>\n<p><label> Tel\u00e9fono<br \/>\n    <span class=\"wpcf7-form-control-wrap your-phone\"><input type=\"text\" name=\"your-phone\" value=\"\" size=\"40\" class=\"wpcf7-form-control wpcf7-text\" aria-invalid=\"false\" \/><\/span> <\/label><\/p>\n<p><label> Tu mensaje<br \/>\n    <span class=\"wpcf7-form-control-wrap your-message\"><textarea name=\"your-message\" cols=\"40\" rows=\"10\" class=\"wpcf7-form-control wpcf7-textarea\" aria-invalid=\"false\"><\/textarea><\/span> <\/label><\/p>\n<p><label> <span class=\"wpcf7-form-control-wrap acceptance-279\"><span class=\"wpcf7-form-control wpcf7-acceptance\"><span class=\"wpcf7-list-item\"><label><input type=\"checkbox\" name=\"acceptance-279\" value=\"1\" aria-invalid=\"false\" \/><span class=\"wpcf7-list-item-label\">He le\u00eddo y acepto el <a target=\"_blank\" rel=\"nofollow noopener noreferrer\" href=\"http:\/\/restaurantlamontoliva.com\/es\/aviso-legal\/\">Aviso Legal<\/a> y la <a target=\"_blank\" rel=\"nofollow noopener noreferrer\" href=\"http:\/\/restaurantlamontoliva.com\/es\/politica-de-privacidad\/\">Pol\u00edtica de Privacidad<\/a>.<\/span><\/label><\/span><\/span><\/span><\/p>\n<p><input type=\"submit\" value=\"Enviar\" class=\"wpcf7-form-control wpcf7-submit\" \/><\/p>\n<div class=\"wpcf7-response-output wpcf7-display-none\" aria-hidden=\"true\"><\/div><\/form><\/div><\/p><p class=\"argpd-informar-title\" style=\"text-align: center;\"><b>Informaci\u00f3n b\u00e1sica sobre protecci\u00f3n de datos<\/b><\/p><p style=\"text-align: center;\"><b>Responsable:<\/b>\u00a0LA MONTOLIVA CAN CAMETA SL .<\/p><p style=\"text-align: center;\"><b>Finalidad:<\/b>\u00a0Responder a consultas.<\/p><p style=\"text-align: center;\"><b>Legitimaci\u00f3n:<\/b>\u00a0Su consentimiento.<\/p><p style=\"text-align: center;\"><b>Derechos:<\/b>\u00a0Acceder, rectificar y suprimir los datos.<\/p><\/div><\/div><div class='col-md-6 ' style='' ><div class='cma-wysiwyg-editor'><script type=\"text\/javascript\"\n                                                                                        src=\"https:\/\/www.covermanager.com\/js\/iframeResizer.min.js\"><\/script><iframe\n                                                            id=\"restaurante-la-montoliva\" title=\"Reservas\"\n                                                            src=\"https:\/\/www.covermanager.com\/reservation\/module_restaurant\/restaurante-la-montoliva\/spanish\"\n                                                            allow=\"payment\" frameborder=\"0\" height=\"550\" width=\"100%\" onload=\"iFrameResize();\"><\/iframe><\/div><\/div><\/div><\/section><\/section><section class='page-content custom-col-padding mb-100 custom-background image-background dark' style='background-image: url(http:\/\/restaurantlamontoliva.com\/wp-content\/uploads\/2018\/03\/ACEITE.jpg);background-size: cover;background-repeat: no-repeat;'  ><section class='container'><div class='row' style=''><div class='col-md-12 empty' style='' ><\/div><\/div><\/section><\/section><section class='page-content mb-0' style=''  ><section class='container-fluid' style='padding-left: 0; padding-right: 0;'><div class='row mb-0' style=''><div class='col-md-12 ' style='' > <div class='custom-heading style-1 centered'>\r\n\t\t\t\t\t<h3><span>Vis\u00edtanos<\/span><\/h3>\r\n\t\t\t\t\t<h3>D\u00f3nde estamos<\/h3>\r\n\t\t\t\t\t<div class='divider style-1 center'>\r\n\t\t\t\t\t<span class='hr-simple left'><\/span>\r\n\t\t\t\t\t<i class='fa fa-circle hr-icon'><\/i>\r\n\t\t\t\t\t<span class='hr-simple right'><\/span>\r\n\t\t\t\t\t<\/div>\r\n\t\t\t\t\t<\/div><div class='map-canvas' data-type='roadmap' data-long='1.187038' data-lat='41.210785' data-zoom='13' data-default-ui='1' data-scroll-wheel='0' data-contrast='default'  ><\/div><\/div><\/div><\/section><\/section>\n","protected":false},"excerpt":{"rendered":"","protected":false},"author":2,"featured_media":0,"parent":0,"menu_order":0,"comment_status":"closed","ping_status":"closed","template":"","meta":[],"_links":{"self":[{"href":"http:\/\/restaurantlamontoliva.com\/es\/wp-json\/wp\/v2\/pages\/1196"}],"collection":[{"href":"http:\/\/restaurantlamontoliva.com\/es\/wp-json\/wp\/v2\/pages"}],"about":[{"href":"http:\/\/restaurantlamontoliva.com\/es\/wp-json\/wp\/v2\/types\/page"}],"author":[{"embeddable":true,"href":"http:\/\/restaurantlamontoliva.com\/es\/wp-json\/wp\/v2\/users\/2"}],"replies":[{"embeddable":true,"href":"http:\/\/restaurantlamontoliva.com\/es\/wp-json\/wp\/v2\/comments?post=1196"}],"version-history":[{"count":3,"href":"http:\/\/restaurantlamontoliva.com\/es\/wp-json\/wp\/v2\/pages\/1196\/revisions"}],"predecessor-version":[{"id":1973,"href":"http:\/\/restaurantlamontoliva.com\/es\/wp-json\/wp\/v2\/pages\/1196\/revisions\/1973"}],"wp:attachment":[{"href":"http:\/\/restaurantlamontoliva.com\/es\/wp-json\/wp\/v2\/media?parent=1196"}],"curies":[{"name":"wp","href":"https:\/\/api.w.org\/{rel}","templated":true}]}}