{"id":1045,"date":"2016-02-19T08:59:29","date_gmt":"2016-02-19T07:59:29","guid":{"rendered":"http:\/\/restaurantlamontoliva.com\/home-page\/"},"modified":"2025-01-16T18:14:34","modified_gmt":"2025-01-16T17:14:34","slug":"inicio","status":"publish","type":"page","link":"http:\/\/restaurantlamontoliva.com\/es\/","title":{"rendered":"Inicio"},"content":{"rendered":"<section class='page-content mb-0' style=''  ><section class='container-fluid' style='padding-left: 0; padding-right: 0;'><div class='row mb-0' style=''><div class='col-md-3 mb-0' style='' ><div class=\"cma-wp-widget widget widget_master-slider-main-widget cma_master-slider-main-widget\" id=\"cma-widget-MSP_Main_Widget-1\">\n\t\t<!-- MasterSlider -->\n\t\t<div id=\"P_MS69e506a25f26c\" class=\"master-slider-parent ms-parent-id-6\"  >\n\n\t\t\t\n\t\t\t<!-- MasterSlider Main -->\n\t\t\t<div id=\"MS69e506a25f26c\" class=\"master-slider ms-skin-default\" >\n\t\t\t\t \t\t\t\t \n\n\t\t\t<div  class=\"ms-slide\" data-delay=\"5\" data-fill-mode=\"fill\"   >\n\t\t\t\t\t<img src=\"http:\/\/restaurantlamontoliva.com\/wp-content\/plugins\/masterslider\/public\/assets\/css\/blank.gif\" alt=\"\" title=\"slide01\" data-src=\"http:\/\/restaurantlamontoliva.com\/wp-content\/uploads\/2018\/01\/21_10_2017_MARTAB_WT_PLATS38-1920x1080.jpg\" \/>\n\n\t\t\t\t\t<div  class=\"ms-layer\" style=\"\"      data-ease=\"easeOutQuint\"                data-offset-x=\"815\" data-offset-y=\"343\" data-origin=\"tl\" data-position=\"normal\"  >\n<h2 class=\"ms-layer pi-caption01\" style=\"top: 200px; left: 650px;\" data-type=\"text\" data-effect=\"bottom(40)\" data-duration=\"2000\" data-ease=\"easeOutExpo\" data-delay=\"800\"><img class=\"size-small\" style=\"width: 35vw; max-width: 670px; position: relative; left: -1.3vw; bottom: 1vw;\" src=\"http:\/\/restaurantlamontoliva.com\/wp-content\/uploads\/2018\/10\/DESCUBRE_LAMONTOLIVA-1.png\" \/><\/h2><div class=\"ms-layer divider\" style=\"top: 505px; left: 737px;\" data-type=\"text\" data-effect=\"top(40)\" data-duration=\"2000\" data-ease=\"easeOutExpo\" data-delay=\"1000\"><div class=\"hr-double left\">\u00a0<\/div><span class=\"divider-svg\"><img class=\"alignnone size-medium wp-image-323\" src=\"http:\/\/restaurantlamontoliva.com\/wp-content\/uploads\/2018\/01\/heading-icon.svg\" alt=\"heading-icon\" \/><\/span><div class=\"hr-double right\">\u00a0<\/div><\/div><!-- slide text layer --><p class=\"ms-layer pi-text01\" style=\"top: 590px; left: 915px; text-align: center;\" data-type=\"text\" data-effect=\"top(40)\" data-duration=\"2000\" data-ease=\"easeOutExpo\" data-delay=\"1000\"><b><br \/><br \/><\/b><\/p><!-- slide text layer --><!-- slide text layer --><p class=\"ms-layer pi-text02\" style=\"top: 662px; left: 785px;\" data-type=\"text\" data-effect=\"top(40)\" data-duration=\"2000\" data-ease=\"easeOutExpo\" data-delay=\"1000\"><br \/><br \/><br \/><\/p><\/div>\n\n\n\t\t\t\t<\/div>\n\t\t\t<div  class=\"ms-slide\" data-delay=\"5\" data-fill-mode=\"fill\"   >\n\t\t\t\t\t<img src=\"http:\/\/restaurantlamontoliva.com\/wp-content\/plugins\/masterslider\/public\/assets\/css\/blank.gif\" alt=\"\" title=\"slide01\" data-src=\"http:\/\/restaurantlamontoliva.com\/wp-content\/uploads\/2018\/08\/21_10_2017_MARTAB_WT_PLATS40-1920x1080.jpg\" \/>\n\n\t\t\t\t\t<div  class=\"ms-layer\" style=\"\"      data-ease=\"easeOutQuint\"                data-offset-x=\"815\" data-offset-y=\"343\" data-origin=\"tl\" data-position=\"normal\"  >\n<h2 class=\"ms-layer pi-caption01\" style=\"top: 200px; left: 650px;\" data-type=\"text\" data-effect=\"bottom(40)\" data-duration=\"2000\" data-ease=\"easeOutExpo\" data-delay=\"800\"><img class=\"size-small\" style=\"width: 35vw; max-width: 670px; position: relative; left: -1.3vw; bottom: 1vw;\" src=\"http:\/\/restaurantlamontoliva.com\/wp-content\/uploads\/2018\/10\/DESCUBRE_LAMONTOLIVA-1.png\" \/><\/h2><div class=\"ms-layer divider\" style=\"top: 505px; left: 737px;\" data-type=\"text\" data-effect=\"top(40)\" data-duration=\"2000\" data-ease=\"easeOutExpo\" data-delay=\"1000\"><div class=\"hr-double left\">\u00a0<\/div><span class=\"divider-svg\"><img class=\"alignnone size-medium wp-image-323\" src=\"http:\/\/restaurantlamontoliva.com\/wp-content\/uploads\/2018\/01\/heading-icon.svg\" alt=\"heading-icon\" \/><\/span><div class=\"hr-double right\">\u00a0<\/div><\/div><!-- slide text layer --><p class=\"ms-layer pi-text01\" style=\"top: 590px; left: 915px;\" data-type=\"text\" data-effect=\"top(40)\" data-duration=\"2000\" data-ease=\"easeOutExpo\" data-delay=\"1000\"><!-- slide text layer --><\/p><p class=\"ms-layer pi-text01\" style=\"top: 590px; left: 915px;\" data-type=\"text\" data-effect=\"top(40)\" data-duration=\"2000\" data-ease=\"easeOutExpo\" data-delay=\"1000\"><!-- slide text layer --><\/p><p class=\"ms-layer pi-text02\" style=\"top: 662px; left: 785px;\" data-type=\"text\" data-effect=\"top(40)\" data-duration=\"2000\" data-ease=\"easeOutExpo\" data-delay=\"1000\"><br \/><br \/><\/p><\/div>\n\n\n\t\t\t\t<\/div>\n\t\t\t<div  class=\"ms-slide\" data-delay=\"5\" data-fill-mode=\"fill\"   >\n\t\t\t\t\t<img src=\"http:\/\/restaurantlamontoliva.com\/wp-content\/plugins\/masterslider\/public\/assets\/css\/blank.gif\" alt=\"\" title=\"slide01\" data-src=\"http:\/\/restaurantlamontoliva.com\/wp-content\/uploads\/2018\/03\/21_10_2017_MARTAB_WT_PLATS32-1920x1080.jpg\" \/>\n\n\t\t\t\t\t<div  class=\"ms-layer\" style=\"\"      data-ease=\"easeOutQuint\"                data-offset-x=\"815\" data-offset-y=\"343\" data-origin=\"tl\" data-position=\"normal\"  >\n<h2 class=\"ms-layer pi-caption01\" style=\"top: 200px; left: 650px;\" data-type=\"text\" data-effect=\"bottom(40)\" data-duration=\"2000\" data-ease=\"easeOutExpo\" data-delay=\"800\"><img class=\"size-small\" style=\"width: 35vw; max-width: 670px; position: relative; left: -1.3vw; bottom: 1vw;\" src=\"http:\/\/restaurantlamontoliva.com\/wp-content\/uploads\/2018\/10\/DESCUBRE_LAMONTOLIVA-1.png\" \/><\/h2><div class=\"ms-layer divider\" style=\"top: 505px; left: 737px;\" data-type=\"text\" data-effect=\"top(40)\" data-duration=\"2000\" data-ease=\"easeOutExpo\" data-delay=\"1000\"><div class=\"hr-double left\">\u00a0<\/div><span class=\"divider-svg\"><img class=\"alignnone size-medium wp-image-323\" src=\"http:\/\/restaurantlamontoliva.com\/wp-content\/uploads\/2018\/01\/heading-icon.svg\" alt=\"heading-icon\" \/><\/span><div class=\"hr-double right\">\u00a0<\/div><\/div><!-- slide text layer --><p class=\"ms-layer pi-text02\" style=\"top: 630px; left: 780px;\" data-type=\"text\" data-effect=\"top(40)\" data-duration=\"2000\" data-ease=\"easeOutExpo\" data-delay=\"1000\">\u00a0<\/p><p class=\"ms-layer pi-text01\" style=\"top: 590px; left: 915px;\" data-type=\"text\" data-effect=\"top(40)\" data-duration=\"2000\" data-ease=\"easeOutExpo\" data-delay=\"1000\"><!-- slide text layer --><\/p><p class=\"ms-layer pi-text02\" style=\"top: 662px; left: 785px;\" data-type=\"text\" data-effect=\"top(40)\" data-duration=\"2000\" data-ease=\"easeOutExpo\" data-delay=\"1000\">\u00a0<\/p><\/div>\n\n\n\t\t\t\t<\/div>\n\t\t\t<div  class=\"ms-slide\" data-delay=\"5\" data-fill-mode=\"fill\"   >\n\t\t\t\t\t<img src=\"http:\/\/restaurantlamontoliva.com\/wp-content\/plugins\/masterslider\/public\/assets\/css\/blank.gif\" alt=\"\" title=\"slide01\" data-src=\"http:\/\/restaurantlamontoliva.com\/wp-content\/uploads\/2018\/03\/01_01_2017_KOKO_WT_DSC03382.jpg\" \/>\n\n\t\t\t\t\t<div  class=\"ms-layer\" style=\"\"      data-ease=\"easeOutQuint\"                data-offset-x=\"815\" data-offset-y=\"343\" data-origin=\"tl\" data-position=\"normal\"  >\n<h2 class=\"ms-layer pi-caption01\" style=\"top: 200px; left: 650px;\" data-type=\"text\" data-effect=\"bottom(40)\" data-duration=\"2000\" data-ease=\"easeOutExpo\" data-delay=\"800\"><img class=\"size-small\" style=\"width: 35vw; max-width: 670px; position: relative; left: -1.3vw; bottom: 1vw;\" src=\"http:\/\/restaurantlamontoliva.com\/wp-content\/uploads\/2018\/10\/DESCUBRE_LAMONTOLIVA-1.png\" \/><\/h2><div class=\"ms-layer divider\" style=\"top: 505px; left: 737px;\" data-type=\"text\" data-effect=\"top(40)\" data-duration=\"2000\" data-ease=\"easeOutExpo\" data-delay=\"1000\"><div class=\"hr-double left\">\u00a0<\/div><span class=\"divider-svg\"><img class=\"alignnone size-medium wp-image-323\" src=\"http:\/\/restaurantlamontoliva.com\/wp-content\/uploads\/2018\/01\/heading-icon.svg\" alt=\"heading-icon\" \/><\/span><div class=\"hr-double right\">\u00a0<\/div><\/div><!-- slide text layer --><p class=\"ms-layer pi-text01\" style=\"top: 590px; left: 915px;\" data-type=\"text\" data-effect=\"top(40)\" data-duration=\"2000\" data-ease=\"easeOutExpo\" data-delay=\"1000\">\u00a0<\/p><p class=\"ms-layer pi-text01\" style=\"top: 590px; left: 915px;\" data-type=\"text\" data-effect=\"top(40)\" data-duration=\"2000\" data-ease=\"easeOutExpo\" data-delay=\"1000\"><!-- slide text layer --><\/p><p class=\"ms-layer pi-text02\" style=\"top: 662px; left: 785px;\" data-type=\"text\" data-effect=\"top(40)\" data-duration=\"2000\" data-ease=\"easeOutExpo\" data-delay=\"1000\"><br \/><br \/><br \/><br \/><br \/><\/p><\/div>\n\n\n\t\t\t\t<\/div>\n\n\t\t\t<\/div>\n\t\t\t<!-- END MasterSlider Main -->\n\n\t\t\t \n\t\t<\/div>\n\t\t<!-- END MasterSlider -->\n\n\t\t<script>\n\t\t( window.MSReady = window.MSReady || [] ).push( function( $ ) {\n\n\t\t\t\"use strict\";\n\t\t\tvar masterslider_f26c = new MasterSlider();\n\n\t\t\t\/\/ slider controls\n\t\t\t\/\/ slider setup\n\t\t\tmasterslider_f26c.setup(\"MS69e506a25f26c\", {\n\t\t\t\twidth           : 1920,\n\t\t\t\theight          : 1080,\n\t\t\t\tminHeight       : 704,\n\t\t\t\tspace           : 0,\n\t\t\t\tstart           : 1,\n\t\t\t\tgrabCursor      : true,\n\t\t\t\tswipe           : true,\n\t\t\t\tmouse           : true,\n\t\t\t\tkeyboard        : false,\n\t\t\t\tlayout          : \"fullwidth\",\n\t\t\t\twheel           : false,\n\t\t\t\tautoplay        : true,\n                instantStartLayers:false,\n\t\t\t\tmobileBGVideo:false,\n\t\t\t\tloop            : true,\n\t\t\t\tshuffle         : false,\n\t\t\t\tpreload         : 0,\n\t\t\t\theightLimit     : true,\n\t\t\t\tautoHeight      : true,\n\t\t\t\tsmoothHeight    : true,\n\t\t\t\tendPause        : false,\n\t\t\t\toverPause       : false,\n\t\t\t\tfillMode        : \"fill\",\n\t\t\t\tcenterControls  : false,\n\t\t\t\tstartOnAppear   : false,\n\t\t\t\tlayersMode      : \"center\",\n\t\t\t\tautofillTarget  : \"\",\n\t\t\t\thideLayers      : false,\n\t\t\t\tfullscreenMargin: 0,\n\t\t\t\tspeed           : 10,\n\t\t\t\tdir             : \"h\",\n\t\t\t\tparallaxMode    : 'swipe',\n\t\t\t\tview            : \"basic\"\n\t\t\t});\n\n\t\t\t\t\t\tMSScrollParallax.setup( masterslider_f26c, 30, 50, true );\n\t\t\twindow.masterslider_instances = window.masterslider_instances || [];\n\t\t\twindow.masterslider_instances.push( masterslider_f26c );\n\t\t});\n\t\t<\/script>\n\n<\/div><\/div><div class='col-md-3 empty' style='' ><\/div><div class='col-md-3 empty' style='' ><\/div><div class='col-md-3 empty' style='' ><\/div><\/div><\/section><\/section><section class='page-content pt-100 custom-background image-background' style='background-image: url(http:\/\/restaurantlamontoliva.com\/wp-content\/uploads\/2024\/11\/linies-carta-beige.jpg);background-size: cover;background-repeat: no-repeat;'  ><section class='container'><div class='row' style=''><div class='col-md-3 col-sm-3 hidden-xs pt-80' style='' ><img src='http:\/\/restaurantlamontoliva.com\/wp-content\/uploads\/2018\/03\/fanal-carro.png' class='left' title='fanal-carro' alt='fanal-carro' width='285' height='600'\/><div class='clearfix'><\/div><\/div><div class='col-md-6 col-sm-6 centered frame-box custom-background image-background' style='background-image: url(http:\/\/restaurantlamontoliva.com\/wp-content\/uploads\/2016\/03\/bkg-img2.png);' > <div class='custom-heading style-1 centered'>\r\n\t\t\t\t\t<h3><span>Nuestra historia<\/span><\/h3>\r\n\t\t\t\t\t<h3>Tradici\u00f3n Campesina<\/h3>\r\n\t\t\t\t\t<div class='divider style-1 center'>\r\n\t\t\t\t\t<span class='hr-simple left'><\/span>\r\n\t\t\t\t\t<i class='fa fa-circle hr-icon'><\/i>\r\n\t\t\t\t\t<span class='hr-simple right'><\/span>\r\n\t\t\t\t\t<\/div>\r\n\t\t\t\t\t<\/div><div class='cma-wysiwyg-editor'><p align=\"justify\">Hace m\u00e1s de 30 a\u00f1os que en La Montoliva abrimos las puertas de nuestra mas\u00eda para ofrecer mucho m\u00e1s que una comida: ofrecemos recuerdos, emociones y momentos compartidos alrededor de la mesa.<\/p><p align=\"justify\">Nos gusta preparar las recetas de la cocina catalana campesina, la que hac\u00edan nuestras abuelas, con platos que nos hacen sentir como en casa, con el aroma de las cazuelas haciendo chup-chup y el calor de la brasa encendida.<\/p><p align=\"justify\">Situados en el coraz\u00f3n del Camp de Tarragona, entre olivos y avellanos, hemos creado un espacio donde cada detalle transmite autenticidad. Nuestros platos est\u00e1n hechos con productos de la huerta, muchos de ellos recogidos aqu\u00ed mismo, cocinados con amor y paciencia.<\/p><p align=\"justify\">En La Montoliva, queremos que te sientas como en casa, pero disfrutando del placer de ser servido a la mesa. Tanto si vienes por una celebraci\u00f3n especial, a pasar un d\u00eda en familia o con amigos, aqu\u00ed encontrar\u00e1s el espacio ideal para compartir cada uno de estos buenos momentos.<\/p><p align=\"justify\">\u00a1Bienvenido a La Montoliva, donde la tradici\u00f3n se vive en la mesa!<\/p><\/div><\/div><div class='col-md-3 col-sm-3 hidden-xs pt-80' style='' ><img src='http:\/\/restaurantlamontoliva.com\/wp-content\/uploads\/2018\/03\/hort-patitos.png' class='left' title='hort-patitos' alt='hort-patitos' width='285' height='600'\/><div class='clearfix'><\/div><\/div><\/div><\/section><\/section><section class='page-content custom-col-padding custom-background image-background dark' style='background-image: url(http:\/\/restaurantlamontoliva.com\/wp-content\/uploads\/2018\/03\/FOTO-FLOR-cropped.jpg);background-size: cover;background-repeat: no-repeat;'  ><section class='container'><div class='row' style=''><div class='col-md-12 centered' style='' ><div class='triggerAnimation animated' data-animate='fadeInUp' > <div class='custom-heading style-1 centered'>\r\n\t\t\t\t\t<h2><span>Cocina tradicional casera<\/span><\/h2>\r\n\t\t\t\t\t<h2>La herencia de varias generaciones<\/h2>\r\n\t\t\t\t\t <div class='divider style-2 center'>\r\n                                <span class='hr-double left'><\/span>\r\n                                <span class='divider-svg'>\r\n                                    <img src='http:\/\/restaurantlamontoliva.com\/wp-content\/themes\/royal-plate\/img\/svg\/heading-icon.svg' alt='La herencia de varias generaciones' class='svg-color'>\r\n                                <\/span>\r\n                                <span class='hr-double right'><\/span>\r\n                            <\/div>\r\n\t\t\t\t\t<\/div><\/div><\/div><\/div><\/section><\/section><section class='page-content custom-background image-background' style='background-image: url(http:\/\/restaurantlamontoliva.com\/wp-content\/uploads\/2024\/11\/linies-carta-teula.jpg);background-size: cover;background-repeat: repeat;'  ><section class='container'><div class='row' style=''><div class='col-md-12 mb-0' style='' ><div  class='custom-style-heading-1'><h2>MEN\u00daS DE TEMPORADA<\/h2><\/div><\/div><\/div><div class='row' style=''><div class='col-md-3 ' style='' ><div class='menu-sample style-1 border-decor centered'>                                \r\n                            <figure>\r\n                                <div class='menu-image'>\r\n                                    <img src='http:\/\/restaurantlamontoliva.com\/wp-content\/uploads\/2018\/08\/bacalla-a-la-llauna-360x336.jpg' alt='Men\u00fa diario' title='#novo1983'\/>\r\n                                <\/div>\r\n\r\n                                <figcaption>\r\n                                <div class='menu-price'>\r\n                                        <p>16,50\u20ac<\/p>\r\n                                    <\/div>\r\n                                    <div class='custom-heading style-1'>\r\n                                       <h3><span>Men\u00fa<\/span><\/h3><h3>Men\u00fa diario<\/h3>\r\n                                        <div class='divider style-1 center'>\r\n                                            <span class='hr-simple left'><\/span>\r\n                                            <i class='fa fa-circle hr-icon'><\/i>\r\n                                            <span class='hr-simple right'><\/span>\r\n                                        <\/div>\r\n                                    <\/div>\r\n                                    <p>Disponible de lunes a viernes<\/p>\n\r\n                                    <a href='http:\/\/restaurantlamontoliva.com\/es\/dish-and-drinks\/menu-diario\/' class='more-details triggerAnimation animated' data-animate='fadeInUp'>Ver men\u00fa <i class='fa fa-angle-double-right'><\/i><\/a>\r\n                                <\/figcaption>   \r\n                            <\/figure>\r\n                        <\/div><\/div><div class='col-md-3 empty' style='' ><\/div><div class='col-md-3 empty' style='' ><\/div><div class='col-md-3 empty' style='' ><\/div><\/div><div class='row' style=''><div class='col-md-3 empty' style='' ><\/div><div class='col-md-3 empty' style='' ><\/div><div class='col-md-3 empty' style='' ><\/div><div class='col-md-3 empty' style='' ><\/div><\/div><div class='row' style=''><div class='col-md-12 empty' style='' ><div class='cma-wysiwyg-editor'><\/div><\/div><\/div><\/section><\/section><section class='page-content custom-col-padding custom-background image-background dark' style='background-image: url(http:\/\/restaurantlamontoliva.com\/wp-content\/uploads\/2018\/03\/MADERA.jpg);background-size: cover;background-repeat: no-repeat;'  ><section class='container'><div class='row' style=''><div class='col-md-12 centered empty' style='' > <div class='custom-heading style-1 centered'>\r\n\t\t\t\t\t<h3><span><\/span><\/h3>\r\n\t\t\t\t\t<h3>Heading text<\/h3>\r\n\t\t\t\t\t<div class='divider style-1 center'>\r\n\t\t\t\t\t<span class='hr-simple left'><\/span>\r\n\t\t\t\t\t<i class='fa fa-circle hr-icon'><\/i>\r\n\t\t\t\t\t<span class='hr-simple right'><\/span>\r\n\t\t\t\t\t<\/div>\r\n\t\t\t\t\t<\/div><\/div><\/div><\/section><\/section><section class='page-content pt-100 custom-background image-background' style='background-image: url(http:\/\/restaurantlamontoliva.com\/wp-content\/uploads\/2024\/11\/linies-carta-beige.jpg);background-size: cover;background-repeat: repeat;'  ><section class='container'><div class='row' style=''><div class='col-md-6 empty' style='' ><div class='clearfix'><\/div><\/div><div class='col-md-6 empty' style='' > <div class='custom-heading style-1 centered'>\r\n\t\t\t\t\t<h3><span><\/span><\/h3>\r\n\t\t\t\t\t<h3>Heading text<\/h3>\r\n\t\t\t\t\t<div class='divider style-1 center'>\r\n\t\t\t\t\t<span class='hr-simple left'><\/span>\r\n\t\t\t\t\t<i class='fa fa-circle hr-icon'><\/i>\r\n\t\t\t\t\t<span class='hr-simple right'><\/span>\r\n\t\t\t\t\t<\/div>\r\n\t\t\t\t\t<\/div><\/div><\/div><\/section><\/section><section class='page-content custom-col-padding custom-background image-background dark' style='background-image: url(http:\/\/restaurantlamontoliva.com\/wp-content\/uploads\/2018\/03\/MESA_GLOBOS.jpg);background-size: cover;background-repeat: no-repeat;'  ><section class='container'><div class='row' style=''><div class='col-md-12 centered empty' style='' > <div class='custom-heading style-1 centered'>\r\n\t\t\t\t\t<h3><span><\/span><\/h3>\r\n\t\t\t\t\t<h3>Heading text<\/h3>\r\n\t\t\t\t\t<div class='divider style-1 center'>\r\n\t\t\t\t\t<span class='hr-simple left'><\/span>\r\n\t\t\t\t\t<i class='fa fa-circle hr-icon'><\/i>\r\n\t\t\t\t\t<span class='hr-simple right'><\/span>\r\n\t\t\t\t\t<\/div>\r\n\t\t\t\t\t<\/div><\/div><\/div><\/section><\/section><section class='page-content custom-background color-background' style='background-color: #ac695c;'  ><section class='container'><div class='row pt-100' style=''><div class='col-md-3 empty' style='' ><\/div><div class='col-md-3 empty' style='' ><\/div><div class='col-md-3 empty' style='' ><\/div><div class='col-md-3 empty' style='' ><\/div><\/div><\/section><\/section><section class='page-content custom-background color-background' style='background-color: #ac695c;'  ><section class='container-fluid' style='padding-left: 0; padding-right: 0;'><div class='row mb-0' style=''><div class='col-md-12 mb-0 empty' style='' ><div class='cma-wysiwyg-editor'><\/div><\/div><\/div><\/section><\/section><section class='page-content custom-background color-background' style='background-color: #ece2d4;'  ><section class='container-fluid' style='padding-left: 0; padding-right: 0;'><div class='row mb-0 pt-100' style=''><div class='col-md-12 mb-0 empty' style='' > <div class='custom-heading style-1 centered'>\r\n\t\t\t\t\t<h3><span><\/span><\/h3>\r\n\t\t\t\t\t<h3>Heading text<\/h3>\r\n\t\t\t\t\t<div class='divider style-1 center'>\r\n\t\t\t\t\t<span class='hr-simple left'><\/span>\r\n\t\t\t\t\t<i class='fa fa-circle hr-icon'><\/i>\r\n\t\t\t\t\t<span class='hr-simple right'><\/span>\r\n\t\t\t\t\t<\/div>\r\n\t\t\t\t\t<\/div><div class='map-canvas' data-type='roadmap' data-long='-73.985655' data-lat='40.74843' data-zoom='13' data-default-ui='1' data-scroll-wheel='1' data-contrast='default'  ><\/div><\/div><\/div><\/section><\/section>\n","protected":false},"excerpt":{"rendered":"","protected":false},"author":2,"featured_media":0,"parent":0,"menu_order":0,"comment_status":"closed","ping_status":"closed","template":"frontpage.php","meta":[],"_links":{"self":[{"href":"http:\/\/restaurantlamontoliva.com\/es\/wp-json\/wp\/v2\/pages\/1045"}],"collection":[{"href":"http:\/\/restaurantlamontoliva.com\/es\/wp-json\/wp\/v2\/pages"}],"about":[{"href":"http:\/\/restaurantlamontoliva.com\/es\/wp-json\/wp\/v2\/types\/page"}],"author":[{"embeddable":true,"href":"http:\/\/restaurantlamontoliva.com\/es\/wp-json\/wp\/v2\/users\/2"}],"replies":[{"embeddable":true,"href":"http:\/\/restaurantlamontoliva.com\/es\/wp-json\/wp\/v2\/comments?post=1045"}],"version-history":[{"count":21,"href":"http:\/\/restaurantlamontoliva.com\/es\/wp-json\/wp\/v2\/pages\/1045\/revisions"}],"predecessor-version":[{"id":1992,"href":"http:\/\/restaurantlamontoliva.com\/es\/wp-json\/wp\/v2\/pages\/1045\/revisions\/1992"}],"wp:attachment":[{"href":"http:\/\/restaurantlamontoliva.com\/es\/wp-json\/wp\/v2\/media?parent=1045"}],"curies":[{"name":"wp","href":"https:\/\/api.w.org\/{rel}","templated":true}]}}